{"id":102,"date":"2019-11-14T17:33:54","date_gmt":"2019-11-14T20:33:54","guid":{"rendered":"http:\/\/www.iskf.com.br\/site\/?page_id=102"},"modified":"2024-10-14T16:20:39","modified_gmt":"2024-10-14T19:20:39","slug":"qualificacoes-exames","status":"publish","type":"page","link":"http:\/\/www.iskf.com.br\/site\/qualificacoes-exames\/","title":{"rendered":"Qualifica\u00e7\u00f5es (Exames)"},"content":{"rendered":"<div class=\"wp-block-image\">\n<figure class=\"aligncenter size-large is-resized\"><img loading=\"lazy\" decoding=\"async\" width=\"482\" height=\"429\" src=\"http:\/\/www.iskf.com.br\/site\/wp-content\/uploads\/2019\/12\/exame_graduacao_iskf.png\" alt=\"\" class=\"wp-image-254\" style=\"width:302px;height:269px\" srcset=\"http:\/\/www.iskf.com.br\/site\/wp-content\/uploads\/2019\/12\/exame_graduacao_iskf.png 482w, http:\/\/www.iskf.com.br\/site\/wp-content\/uploads\/2019\/12\/exame_graduacao_iskf-300x267.png 300w\" sizes=\"auto, (max-width: 482px) 100vw, 482px\" \/><\/figure>\n<\/div>\n\n\n<p><strong>ISKF BRASIL GRADUA\u00c7\u00d5ES KYU E DAN<\/strong><\/p>\n\n\n\n<p>A ISKF Brasil adota as mesmas cores de faixa e respectivas gradua\u00e7\u00f5es de Kyu e Dan da matriz ISKF &#8211; <a href=\"https:\/\/iskf.com\">Philadelphia PA-EUA<\/a>.<\/p>\n\n\n\n<p>Assim, iniciantes come\u00e7am no 9\u00ba Kyu, com a faixa branca e seguem nas faixas amarela, vermelha, laranja, verde, roxa, e 3\u00ba, 2\u00ba e 1\u00ba Kyu utilizando a faixa de cor marrom.<\/p>\n\n\n\n<p>A partir do 1\u00ba Dan \u00e9 usada a faixa preta.<\/p>\n\n\n\n<p>Atualmente o nosso Diretor T\u00e9cnico e Instrutor-Chefe; Sensei <a href=\"http:\/\/www.iskf.com.br\/site\/edson-fujinori-nakama\/\">EDSON FUJINORI NAKAMA<\/a>, \u00e9 o \u00fanico examinador credenciado no Pa\u00eds, sendo autorizado a aplicar exames at\u00e9 2\u00ba Dan em toda a Am\u00e9rica do Sul.<\/p>\n\n\n\n<p>Para realizar o exame de DAN o candidato deve solicitar sua inscri\u00e7\u00e3o junto a ISKF-Brasil, pelo respons\u00e1vel de seu dojo, e apresentar na inscri\u00e7\u00e3o seu <a href=\"http:\/\/www.iskf.com.br\/site\/filiacao-documentos-e-valores\/\">PASSAPORTE ISKF<\/a>.<\/p>\n\n\n\n<p class=\"has-medium-font-size\"><strong>EXAMES KYU-DAN &#8211; CAR\u00caNCIAS<\/strong><\/p>\n\n\n\n<p style=\"font-size:18px\"><strong>1\u00ba Dan<\/strong> &#8211; Faixa Marrom M\u00ednimo de 6 meses &#8211; Idade m\u00ednima 15 anos completos;<\/p>\n\n\n\n<p>&#8211;<a href=\"https:\/\/docs.google.com\/document\/d\/11Wpq9VvEpHHR1BjHfAOgVVX1Up0wQe1p0WQfPvQ7TOo\/edit?usp=sharing\">Diretrizes para o exame  1\u00ba Dan:  Clique aqui para ver.<\/a><\/p>\n\n\n\n<p>A taxa para exame de 1\u00ba Dan \u00e9 de <strong><strong>*<\/strong><em>Consultar a ISKF-Brasil sobre estes valores<\/em><\/strong>, a serem pagos no dia do exame.<\/p>\n\n\n\n<p>Caso seja aprovado o candidato dever\u00e1, ap\u00f3s a confirma\u00e7\u00e3o, pela banca examinadora efetivar o pagamento da taxa de registro do Dan e emiss\u00e3o  certificado Internacional expedido pela Matriz ISKF \u2013 Philadelphia \u2013 USA, no valor de *<b><em>Consultar a ISKF-Brasil sobre estes valores<\/em><\/b><\/p>\n\n\n\n<p style=\"font-size:11px\"><em>*Valor: Consultar a ISKF<\/em><\/p>\n\n\n\n<p>Clique no bot\u00e3o abaixo para efetuar o pagamento da taxa de registro e emiss\u00e3o do certificado.<\/p>\n\n\n\n<hr class=\"wp-block-separator has-css-opacity\"\/>\n\n\n\n<p><\/p>\n\n\n\n<p><\/p>\n\n\n\n<p style=\"font-size:18px\"><strong>2\u00ba Dan<\/strong> &#8211; 2 anos ap\u00f3s Shodan &#8211; Idade m\u00ednima 18 anos;<\/p>\n\n\n\n<p> &#8211;<a href=\"https:\/\/docs.google.com\/document\/d\/167nYnWLwBcMLaZLn2GprTOLDzmvyjmIPkGuQcSpTTZM\/edit?usp=sharing\">Diretrizes para o exame  2\u00ba Dan:  Clique aqui para ver.<\/a> <\/p>\n\n\n\n<p>A taxa para exame de 2\u00ba Dan \u00e9 de <strong><strong>*<\/strong><em>Consultar a ISKF-Brasil sobre estes valores<\/em><\/strong>, a serem pagos no dia do exame. <\/p>\n\n\n\n<p>Caso seja aprovado o candidato dever\u00e1, ap\u00f3s a confirma\u00e7\u00e3o, pela banca examinadora, efetivar o pagamento da taxa de registro do Dan e emiss\u00e3o  certificado Internacional expedido pela Matriz ISKF \u2013 Philadelphia \u2013 USA, no valor de  <strong>*<\/strong><em>Consultar a ISKF-Brasil sobre estes valores<\/em>.<\/p>\n\n\n\n<p class=\"has-vivid-red-color has-text-color\">-Caso o diploma seu anterior de  <strong>1\u00ba Dan <\/strong>n\u00e3o tenha sido emitido pela ISKF-BRASIL, dever\u00e1 ser feita a <span style=\"text-decoration: underline;\">revalida\u00e7\u00e3o<\/span> do mesmo. Entrar em contato via e-mail para orienta\u00e7\u00f5es.<\/p>\n\n\n\n<p style=\"font-size:11px\"><em><em>*Valor: Consultar a ISKF<\/em><\/em><\/p>\n\n\n\n<p>Clique no bot\u00e3o abaixo para efetuar o pagamento da taxa de registro e emiss\u00e3o do certificado. <\/p>\n\n\n\n\n\n<hr class=\"wp-block-separator has-css-opacity\"\/>\n\n\n\n<p><\/p>\n\n\n\n<p> 3\u00ba Dan &#8211; 3 anos ap\u00f3s Nidan &#8211; Idade m\u00ednima 18 anos;<br> 4\u00ba Dan &#8211; 4 anos ap\u00f3s Sandan &#8211; Idade m\u00ednima 21 anos;<br> 5\u00ba Dan &#8211; 5 anos ap\u00f3s Yondan &#8211; Idade m\u00ednima 30 anos;<br> 6\u00ba Dan &#8211; 6 anos ap\u00f3s Gondan &#8211; Idade m\u00ednima 35 anos;<br> 7\u00ba Dan &#8211; 7 anos ap\u00f3s Rokudan &#8211; Idade m\u00ednima 42 anos;<\/p>\n\n\n\n<p>Gradua\u00e7\u00f5es de Dan de outras institui\u00e7\u00f5es ser\u00e3o avaliadas pela Matriz IKSF.<\/p>\n\n\n\n<p>Para mais informa\u00e7\u00f5es sobre as diretrizes e qualifica\u00e7\u00f5es para exames de DAN acessar a p\u00e1gina oficial da ISKF internacional.<\/p>\n\n\n\n<p>-Acesse a p\u00e1gina oficial da IKSF Internacional para ver as qualifica\u00e7\u00f5es.<\/p>\n\n\n\n<p><a href=\"https:\/\/iskf.com\/information\/#qualifications\">Clique aqui para acessar a p\u00e1gina da ISKF Internacional.<\/a><\/p>\n\n\n\n<p><a href=\"https:\/\/iskf.com\/wp-content\/uploads\/2017\/10\/danreg2017.pdf\">Clique aqui para abrir a fic<\/a><a href=\"http:\/\/www.iskf.com.br\/site\/wp-content\/uploads\/2024\/10\/Dan-Exam-Registration-Form-2023-fill-in-August.pdf\">h<\/a><a href=\"https:\/\/iskf.com\/wp-content\/uploads\/2017\/10\/danreg2017.pdf\">a de requerimento de Exame da DAN.<\/a><\/p>\n","protected":false},"excerpt":{"rendered":"<div class=\"mh-excerpt\"><p>ISKF BRASIL GRADUA\u00c7\u00d5ES KYU E DAN A ISKF Brasil adota as mesmas cores de faixa e respectivas gradua\u00e7\u00f5es de Kyu e Dan da matriz ISKF <a class=\"mh-excerpt-more\" href=\"http:\/\/www.iskf.com.br\/site\/qualificacoes-exames\/\" title=\"Qualifica\u00e7\u00f5es (Exames)\">[&#8230;]<\/a><\/p>\n<\/div>","protected":false},"author":1,"featured_media":0,"parent":0,"menu_order":0,"comment_status":"closed","ping_status":"closed","template":"","meta":{"footnotes":""},"class_list":["post-102","page","type-page","status-publish","hentry"],"_links":{"self":[{"href":"http:\/\/www.iskf.com.br\/site\/wp-json\/wp\/v2\/pages\/102","targetHints":{"allow":["GET"]}}],"collection":[{"href":"http:\/\/www.iskf.com.br\/site\/wp-json\/wp\/v2\/pages"}],"about":[{"href":"http:\/\/www.iskf.com.br\/site\/wp-json\/wp\/v2\/types\/page"}],"author":[{"embeddable":true,"href":"http:\/\/www.iskf.com.br\/site\/wp-json\/wp\/v2\/users\/1"}],"replies":[{"embeddable":true,"href":"http:\/\/www.iskf.com.br\/site\/wp-json\/wp\/v2\/comments?post=102"}],"version-history":[{"count":34,"href":"http:\/\/www.iskf.com.br\/site\/wp-json\/wp\/v2\/pages\/102\/revisions"}],"predecessor-version":[{"id":820,"href":"http:\/\/www.iskf.com.br\/site\/wp-json\/wp\/v2\/pages\/102\/revisions\/820"}],"wp:attachment":[{"href":"http:\/\/www.iskf.com.br\/site\/wp-json\/wp\/v2\/media?parent=102"}],"curies":[{"name":"wp","href":"https:\/\/api.w.org\/{rel}","templated":true}]}}