{"id":108,"date":"2019-11-15T09:47:33","date_gmt":"2019-11-15T12:47:33","guid":{"rendered":"http:\/\/www.iskf.com.br\/site\/?page_id=108"},"modified":"2019-11-28T12:02:50","modified_gmt":"2019-11-28T15:02:50","slug":"resolucoes","status":"publish","type":"page","link":"http:\/\/www.iskf.com.br\/site\/resolucoes\/","title":{"rendered":"Resolu\u00e7\u00f5es"},"content":{"rendered":"\n<p>Espa\u00e7o dedicado \u00e0 publica\u00e7\u00e3o de Resolu\u00e7\u00f5es normativas da ISKF-BRASIL.<\/p>\n\n\n\n<p>&#8211;<a href=\"https:\/\/docs.google.com\/document\/d\/1_DhfhJqAcUR4CzpFMxBAxkcsH5ighmR2GXoCYhLH4SY\/edit?usp=sharing\">RESOLU\u00c7\u00c3O N\u00ba 01\/2019 &#8211; Aprova e Publica os Princ\u00edpios e Deveres \u00c9ticos da ISKF &#8211; Brasil e regulamenta os Contratos de Eventos e utiliza\u00e7\u00e3o da marca ISKF \u2013 Brasil.<\/a><\/p>\n\n\n\n<p><\/p>\n","protected":false},"excerpt":{"rendered":"<div class=\"mh-excerpt\"><p>Espa\u00e7o dedicado \u00e0 publica\u00e7\u00e3o de Resolu\u00e7\u00f5es normativas da ISKF-BRASIL. &#8211;RESOLU\u00c7\u00c3O N\u00ba 01\/2019 &#8211; Aprova e Publica os Princ\u00edpios e Deveres \u00c9ticos da ISKF &#8211; Brasil <a class=\"mh-excerpt-more\" href=\"http:\/\/www.iskf.com.br\/site\/resolucoes\/\" title=\"Resolu\u00e7\u00f5es\">[&#8230;]<\/a><\/p>\n<\/div>","protected":false},"author":1,"featured_media":0,"parent":0,"menu_order":0,"comment_status":"closed","ping_status":"closed","template":"","meta":{"footnotes":""},"class_list":["post-108","page","type-page","status-publish","hentry"],"_links":{"self":[{"href":"http:\/\/www.iskf.com.br\/site\/wp-json\/wp\/v2\/pages\/108","targetHints":{"allow":["GET"]}}],"collection":[{"href":"http:\/\/www.iskf.com.br\/site\/wp-json\/wp\/v2\/pages"}],"about":[{"href":"http:\/\/www.iskf.com.br\/site\/wp-json\/wp\/v2\/types\/page"}],"author":[{"embeddable":true,"href":"http:\/\/www.iskf.com.br\/site\/wp-json\/wp\/v2\/users\/1"}],"replies":[{"embeddable":true,"href":"http:\/\/www.iskf.com.br\/site\/wp-json\/wp\/v2\/comments?post=108"}],"version-history":[{"count":6,"href":"http:\/\/www.iskf.com.br\/site\/wp-json\/wp\/v2\/pages\/108\/revisions"}],"predecessor-version":[{"id":216,"href":"http:\/\/www.iskf.com.br\/site\/wp-json\/wp\/v2\/pages\/108\/revisions\/216"}],"wp:attachment":[{"href":"http:\/\/www.iskf.com.br\/site\/wp-json\/wp\/v2\/media?parent=108"}],"curies":[{"name":"wp","href":"https:\/\/api.w.org\/{rel}","templated":true}]}}