{"id":157,"date":"2019-11-27T08:42:36","date_gmt":"2019-11-27T11:42:36","guid":{"rendered":"http:\/\/www.iskf.com.br\/site\/?page_id=157"},"modified":"2019-11-27T08:42:38","modified_gmt":"2019-11-27T11:42:38","slug":"edson-fujinori-nakama","status":"publish","type":"page","link":"http:\/\/www.iskf.com.br\/site\/edson-fujinori-nakama\/","title":{"rendered":"EDSON FUJINORI NAKAMA"},"content":{"rendered":"\n<div class=\"wp-block-image\"><figure class=\"alignleft size-large\"><img loading=\"lazy\" decoding=\"async\" width=\"200\" height=\"258\" src=\"http:\/\/www.iskf.com.br\/site\/wp-content\/uploads\/2019\/11\/Nakama_sensei.png\" alt=\"\" class=\"wp-image-158\"\/><\/figure><\/div>\n\n\n\n<p>Dojo: <strong>ASSOCIA\u00c7\u00c3O DE KARATE SEIDO-KAN<\/strong> &#8211; 7\u00ba Dan  &#8211;  em: 06\/11\/2001.<\/p>\n\n\n\n<p>Vem se tornando um dos \u00edcones do Shotokan de n\u00edvel nacional e internacional, um orgulho e um azimute para os karatecas do Brasil, tem em seu curr\u00edculo t\u00edtulos como bi-campe\u00e3o Sul-americano e bi-campe\u00e3o Pan-americano em kata nos anos de 1989\/1990.<\/p>\n\n\n\n<p>Al\u00e9m not\u00e1vel figura no contexto esportivo, configura-se como uma autoridade do Karate-do Shotokan no Brasil e Am\u00e9rica do Sul.<\/p>\n\n\n\n<p>Nakama Sensei \u00e9 instrutor-chefe da ISKF no Brasil, institui\u00e7\u00e3o pela qual \u00e9 7\u00b0 Dan.<\/p>\n\n\n\n<p>Formado em fisioterapia pela UNIBAN \u2013 Universidade Bandeirantes. Destaca-se especialmente pela metodologia e t\u00e9cnica que aplica em suas aulas fazendo do Karate-do uma not\u00e1vel ferramenta de sa\u00fade e bem estar, al\u00e9m de ser um grande formador de atletas e educador.&#8221;\n\n<\/p>\n","protected":false},"excerpt":{"rendered":"<div class=\"mh-excerpt\"><p>Dojo: ASSOCIA\u00c7\u00c3O DE KARATE SEIDO-KAN &#8211; 7\u00ba Dan &#8211; em: 06\/11\/2001. Vem se tornando um dos \u00edcones do Shotokan de n\u00edvel nacional e internacional, um <a class=\"mh-excerpt-more\" href=\"http:\/\/www.iskf.com.br\/site\/edson-fujinori-nakama\/\" title=\"EDSON FUJINORI NAKAMA\">[&#8230;]<\/a><\/p>\n<\/div>","protected":false},"author":1,"featured_media":0,"parent":0,"menu_order":0,"comment_status":"closed","ping_status":"closed","template":"","meta":{"footnotes":""},"class_list":["post-157","page","type-page","status-publish","hentry"],"_links":{"self":[{"href":"http:\/\/www.iskf.com.br\/site\/wp-json\/wp\/v2\/pages\/157","targetHints":{"allow":["GET"]}}],"collection":[{"href":"http:\/\/www.iskf.com.br\/site\/wp-json\/wp\/v2\/pages"}],"about":[{"href":"http:\/\/www.iskf.com.br\/site\/wp-json\/wp\/v2\/types\/page"}],"author":[{"embeddable":true,"href":"http:\/\/www.iskf.com.br\/site\/wp-json\/wp\/v2\/users\/1"}],"replies":[{"embeddable":true,"href":"http:\/\/www.iskf.com.br\/site\/wp-json\/wp\/v2\/comments?post=157"}],"version-history":[{"count":1,"href":"http:\/\/www.iskf.com.br\/site\/wp-json\/wp\/v2\/pages\/157\/revisions"}],"predecessor-version":[{"id":159,"href":"http:\/\/www.iskf.com.br\/site\/wp-json\/wp\/v2\/pages\/157\/revisions\/159"}],"wp:attachment":[{"href":"http:\/\/www.iskf.com.br\/site\/wp-json\/wp\/v2\/media?parent=157"}],"curies":[{"name":"wp","href":"https:\/\/api.w.org\/{rel}","templated":true}]}}