{"id":162,"date":"2019-11-27T08:57:04","date_gmt":"2019-11-27T11:57:04","guid":{"rendered":"http:\/\/www.iskf.com.br\/site\/?page_id=162"},"modified":"2019-11-27T09:01:18","modified_gmt":"2019-11-27T12:01:18","slug":"irineu-de-assis","status":"publish","type":"page","link":"http:\/\/www.iskf.com.br\/site\/irineu-de-assis\/","title":{"rendered":"IRINEU DE ASSIS"},"content":{"rendered":"\n<div class=\"wp-block-image\"><figure class=\"alignleft size-large\"><img loading=\"lazy\" decoding=\"async\" width=\"160\" height=\"241\" src=\"http:\/\/www.iskf.com.br\/site\/wp-content\/uploads\/2019\/11\/sensei_irineu_assis.png\" alt=\"\" class=\"wp-image-163\"\/><\/figure><\/div>\n\n\n\n<p>Dojo:&nbsp;<strong>ASSOCIA\u00c7\u00c3O ESPORTIVA SOL NASCENTE<\/strong>&nbsp;\u2013 7\u00ba Dan \u2013 em: 04\/05\/2018.<\/p>\n\n\n\n<p>No ano de 1971, um garoto de apenas 12 anos de idade manifestou o desejo de treinar\u00a0<a rel=\"noreferrer noopener\" target=\"_blank\" href=\"http:\/\/pt.wikipedia.org\/wiki\/Karat%C3%AA\">karat\u00ea<\/a>. Na sua cidade Natal,\u00a0<a rel=\"noreferrer noopener\" target=\"_blank\" href=\"http:\/\/pt.wikipedia.org\/wiki\/Trindade_(Goi%C3%A1s)\">Trindade<\/a>, Estado de\u00a0<a rel=\"noreferrer noopener\" target=\"_blank\" href=\"http:\/\/pt.wikipedia.org\/wiki\/Goi%C3%A1s\">Goi\u00e1s<\/a>, n\u00e3o havia nenhuma Academia e nenhuma chance dele come\u00e7ar a treinar. Foi a\u00ed que surgiu a ideia de vir para Goi\u00e2nia procurar um local de treinamentos. Sem apoio da fam\u00edlia e com s\u00e9rios problemas financeiros, o garoto Irineu de Assis, resolveu procurar um emprego \u00e0 tarde, em um bar pr\u00f3ximo, \u00e0 sua casa (<em>em troca dos passes de \u00f4nibus<\/em>). Estudar de manh\u00e3 e ir para Goi\u00e2nia \u00e0 noite treinar\u00a0<a rel=\"noreferrer noopener\" target=\"_blank\" href=\"http:\/\/pt.wikipedia.org\/wiki\/Karat%C3%AA\">karat\u00ea<\/a>\u00a0na Academia do Professor\u00a0<em>Pedro Mizukami<\/em>, era sua rotina di\u00e1ria. E foi assim que tudo come\u00e7ou; frequentou a Academia durante 7 anos, dos 12 aos 19 anos, at\u00e9 se formar faixa preta 1\u00ba Dan. Quando ele conquistou a sua t\u00e3o sonhada Faixa Preta, em 1979, deu evas\u00e3o a realiza\u00e7\u00e3o de um sonho; montar a sua pr\u00f3pria Academia. Ainda com uma situa\u00e7\u00e3o financeira muito prec\u00e1ria, e sem contar com nenhuma apoio da fam\u00edlia, come\u00e7ou a dar aulas de\u00a0<a rel=\"noreferrer noopener\" target=\"_blank\" href=\"http:\/\/pt.wikipedia.org\/wiki\/Karat%C3%AA\">karat\u00ea<\/a>\u00a0em um sal\u00e3o pr\u00f3ximo \u00e0 sua casa; com ajuda de alguns amigos; que se tornaram seus primeiros alunos; dai surgiu a estrutura embrion\u00e1ria do que e hoje em dia o\u00a0<strong>Centro Esportivo Sol Nascente<\/strong>.<\/p>\n\n\n\n<p>Sensei Irineu de Assis, hoje Sensei, 7\u00ba Dan, ministrou aulas para mais de 4.000 karatecas, formou mais de 150 faixa-preta, fez v\u00e1rios campe\u00f5es Goianos, Brasileiros, Sul-americanos e Panamericano de Kumite e Kata.<\/p>\n\n\n\n<p>Nestes mais de 30 anos tamb\u00e9m foi atleta da Sele\u00e7\u00e3o Brasileira por alguns anos, sagrando-se Campe\u00e3o Goiano, Brasileiro e Sul-americano. Fez parte da comiss\u00e3o t\u00e9cnica da\u00a0<a rel=\"noreferrer noopener\" aria-label=\" (abre numa nova aba)\" target=\"_blank\" href=\"https:\/\/www.karatedobrasil.com\/goias\">Fekaego (Federa\u00e7\u00e3o de Karat\u00ea do Estado de Goi\u00e1s)<\/a>, como presidente por 2 mandatos; da C.F.K.; como \u00e1rbitro \/ n\u00edvel A de Kata e Kumite; j\u00e1 participou de 3 mundiais: no M\u00e9xico, na Fran\u00e7a e no Jap\u00e3o como \u00e1rbitro, representando o Brasil e o Estado de\u00a0<a rel=\"noreferrer noopener\" target=\"_blank\" href=\"http:\/\/pt.wikipedia.org\/wiki\/Goi%C3%A1s\">Goi\u00e1s<\/a>. <\/p>\n","protected":false},"excerpt":{"rendered":"<div class=\"mh-excerpt\"><p>Dojo:&nbsp;ASSOCIA\u00c7\u00c3O ESPORTIVA SOL NASCENTE&nbsp;\u2013 7\u00ba Dan \u2013 em: 04\/05\/2018. No ano de 1971, um garoto de apenas 12 anos de idade manifestou o desejo de <a class=\"mh-excerpt-more\" href=\"http:\/\/www.iskf.com.br\/site\/irineu-de-assis\/\" title=\"IRINEU DE ASSIS\">[&#8230;]<\/a><\/p>\n<\/div>","protected":false},"author":1,"featured_media":0,"parent":0,"menu_order":0,"comment_status":"closed","ping_status":"closed","template":"","meta":{"footnotes":""},"class_list":["post-162","page","type-page","status-publish","hentry"],"_links":{"self":[{"href":"http:\/\/www.iskf.com.br\/site\/wp-json\/wp\/v2\/pages\/162","targetHints":{"allow":["GET"]}}],"collection":[{"href":"http:\/\/www.iskf.com.br\/site\/wp-json\/wp\/v2\/pages"}],"about":[{"href":"http:\/\/www.iskf.com.br\/site\/wp-json\/wp\/v2\/types\/page"}],"author":[{"embeddable":true,"href":"http:\/\/www.iskf.com.br\/site\/wp-json\/wp\/v2\/users\/1"}],"replies":[{"embeddable":true,"href":"http:\/\/www.iskf.com.br\/site\/wp-json\/wp\/v2\/comments?post=162"}],"version-history":[{"count":2,"href":"http:\/\/www.iskf.com.br\/site\/wp-json\/wp\/v2\/pages\/162\/revisions"}],"predecessor-version":[{"id":168,"href":"http:\/\/www.iskf.com.br\/site\/wp-json\/wp\/v2\/pages\/162\/revisions\/168"}],"wp:attachment":[{"href":"http:\/\/www.iskf.com.br\/site\/wp-json\/wp\/v2\/media?parent=162"}],"curies":[{"name":"wp","href":"https:\/\/api.w.org\/{rel}","templated":true}]}}