{"id":173,"date":"2019-11-27T09:35:55","date_gmt":"2019-11-27T12:35:55","guid":{"rendered":"http:\/\/www.iskf.com.br\/site\/?page_id=173"},"modified":"2019-11-27T09:35:57","modified_gmt":"2019-11-27T12:35:57","slug":"niju-kun","status":"publish","type":"page","link":"http:\/\/www.iskf.com.br\/site\/niju-kun\/","title":{"rendered":"Niju Kun"},"content":{"rendered":"\n<div class=\"wp-block-image\"><figure class=\"aligncenter size-large\"><img loading=\"lazy\" decoding=\"async\" width=\"1024\" height=\"491\" src=\"http:\/\/www.iskf.com.br\/site\/wp-content\/uploads\/2019\/11\/niju_kun-1024x491.png\" alt=\"\" class=\"wp-image-174\" srcset=\"http:\/\/www.iskf.com.br\/site\/wp-content\/uploads\/2019\/11\/niju_kun-1024x491.png 1024w, http:\/\/www.iskf.com.br\/site\/wp-content\/uploads\/2019\/11\/niju_kun-300x144.png 300w, http:\/\/www.iskf.com.br\/site\/wp-content\/uploads\/2019\/11\/niju_kun-768x368.png 768w, http:\/\/www.iskf.com.br\/site\/wp-content\/uploads\/2019\/11\/niju_kun.png 1249w\" sizes=\"auto, (max-width: 1024px) 100vw, 1024px\" \/><\/figure><\/div>\n\n\n\n<h1 class=\"wp-block-heading\" id=\"firstHeading\">Vinte Mandamentos<\/h1>\n\n\n\n<p>Shoto\u00a0<a href=\"http:\/\/pt.wikipedia.org\/wiki\/Niju_kun\">Niju Kun<\/a><\/p>\n\n\n\n<p>(<em>Os Vinte Mandamentos do Mestre Gichin Funakoshi<\/em>)<\/p>\n\n\n\n<p><strong>1. Karate-do wa rei ni hajimari, rei ni owaru koto wo wasuruna.<\/strong><br><em>Karate come\u00e7a e termina com cortesia.<\/em><\/p>\n\n\n\n<p><strong>2. Karate ni sente nashi.<\/strong><br><em>N\u00e3o h\u00e1 primeiro ataque no karate<\/em><\/p>\n\n\n\n<p><strong>3. Karate wa gi no tasuke.<\/strong><br><em>Karate \u00e9 um assitente \u00e0 justi\u00e7a<\/em><\/p>\n\n\n\n<p><strong>4. Mazu jiko wo shire, shikoshite tao wo shire.<\/strong><br><em>Conhe\u00e7a voc\u00ea mesmo antes de conhecer os outros.<\/em><\/p>\n\n\n\n<p><strong>5. Gijutsu yori shinjutsu.<\/strong><br><em>Esp\u00edrito antes da t\u00e9cnica.<\/em><\/p>\n\n\n\n<p><strong>6. Kokoro wa hanatan koto wo yosu.<\/strong><br><em>Esteja pronto para liberar a sua mente.<\/em><\/p>\n\n\n\n<p><strong>7. Wazawai wa getai ni shozu.<\/strong><br><em>Acidentes vem da falta de aten\u00e7\u00e3o.<\/em><\/p>\n\n\n\n<p><strong>8. Dojo nomino karate to omou na.<\/strong><br><em>Treinar Karate n\u00e3o \u00e9 somente no dojo.<\/em><\/p>\n\n\n\n<p><strong>9. Karate no shugyo wa issho de aru.<\/strong><br><em>Voc\u00ea nuca parar\u00e1 de aprender karate.<\/em><\/p>\n\n\n\n<p><strong>10. Arai-yuru mono wo karate-ka seyo, soko ni myo-mi ari.<\/strong><br><em>Fa\u00e7a do karat\u00ea parte de sua vida e voc\u00ea achar\u00e1 myo.<\/em><\/p>\n\n\n\n<p><strong>11. Karate wa yu no goto shi taezu natsudo wo ataezareba moto no mizu ni kaeru.<\/strong><br><em>Karate \u00e9 como agua quente. Se n\u00e3o continuar a aquecer ela esfria.<\/em><\/p>\n\n\n\n<p><strong>12. Katsu kangae wa motsu na makenu kangae wa hitsuyo<\/strong><br><em>N\u00e3o pense que voc\u00ea tem que vencer, pense que voc\u00ea n\u00e3o tem que perder.<\/em><\/p>\n\n\n\n<p><strong>13. Tekki ni yotte tenka seyo.<\/strong><br><em>A vit\u00f3ria depende da sua habilidade de tronar pontos vulner\u00e1veis em n\u00e3o vulner\u00e1veis.<\/em><\/p>\n\n\n\n<p><strong>14. Tattakai wa kyo-jitsu no soju ikan ni ari.<\/strong><br><em>Mova-se de acordo com o seu oponente.<\/em><\/p>\n\n\n\n<p><strong>15. Hito no te ashi wo ken to omoe.<\/strong><br><em>Pense nos seu p\u00e9s e m\u00e3o como espadas.<\/em><\/p>\n\n\n\n<p><strong>16. Danshi mon wo izureba hyakuman no tekki ari.<\/strong><br><em>Esteja a par de suas atitudes para n\u00e3o arranjar confus\u00e3o.<\/em><\/p>\n\n\n\n<p><strong>17. Kamae wa shoshinsha ni ato wa shizentai.<\/strong><br><em>Primeiro domine as coisas pequenas, depois a postura natural.<\/em><\/p>\n\n\n\n<p><strong>18. Kata wa tadashiku jissen wa betsu mono.<\/strong><br><em>A pratica do kata n\u00e3o subtitui a realidade.<\/em><\/p>\n\n\n\n<p><strong>19. Chikara no kyojaku, karada no shinshuku, waza no kankyu wo wasaruna.<\/strong><br><em>N\u00e3o esque\u00e7a (1)leveza e peso na aplica\u00e7\u00e3o da for\u00e7a, (2) expans\u00e3o e contra\u00e7\u00e3o do corpo, (3) vagarisodade e velocidade nas t\u00e9cnicas.<\/em><\/p>\n\n\n\n<p><strong>20. Tsune ni shinen kufu seyo.<\/strong><br><em>Pense num meio de aplicar estas percep\u00e7\u00f5es no seu dia-a-dia.<\/em><br><\/p>\n\n\n\n<pre class=\"wp-block-preformatted\">\u201c<em>Um mau disc\u00edpulo utiliza a influ\u00eancia de seu mestre. <\/em>\nUm disc\u00edpulo razo\u00e1vel admira a bondade do seu Mestre. \nUm bom disc\u00edpulo fortalece-se sob a disciplina de seu Mestre<em>\u201d<\/em><\/pre>\n","protected":false},"excerpt":{"rendered":"<div class=\"mh-excerpt\"><p>Vinte Mandamentos Shoto\u00a0Niju Kun (Os Vinte Mandamentos do Mestre Gichin Funakoshi) 1. Karate-do wa rei ni hajimari, rei ni owaru koto wo wasuruna.Karate come\u00e7a e <a class=\"mh-excerpt-more\" href=\"http:\/\/www.iskf.com.br\/site\/niju-kun\/\" title=\"Niju Kun\">[&#8230;]<\/a><\/p>\n<\/div>","protected":false},"author":1,"featured_media":0,"parent":0,"menu_order":0,"comment_status":"closed","ping_status":"closed","template":"","meta":{"footnotes":""},"class_list":["post-173","page","type-page","status-publish","hentry"],"_links":{"self":[{"href":"http:\/\/www.iskf.com.br\/site\/wp-json\/wp\/v2\/pages\/173","targetHints":{"allow":["GET"]}}],"collection":[{"href":"http:\/\/www.iskf.com.br\/site\/wp-json\/wp\/v2\/pages"}],"about":[{"href":"http:\/\/www.iskf.com.br\/site\/wp-json\/wp\/v2\/types\/page"}],"author":[{"embeddable":true,"href":"http:\/\/www.iskf.com.br\/site\/wp-json\/wp\/v2\/users\/1"}],"replies":[{"embeddable":true,"href":"http:\/\/www.iskf.com.br\/site\/wp-json\/wp\/v2\/comments?post=173"}],"version-history":[{"count":1,"href":"http:\/\/www.iskf.com.br\/site\/wp-json\/wp\/v2\/pages\/173\/revisions"}],"predecessor-version":[{"id":175,"href":"http:\/\/www.iskf.com.br\/site\/wp-json\/wp\/v2\/pages\/173\/revisions\/175"}],"wp:attachment":[{"href":"http:\/\/www.iskf.com.br\/site\/wp-json\/wp\/v2\/media?parent=173"}],"curies":[{"name":"wp","href":"https:\/\/api.w.org\/{rel}","templated":true}]}}