{"id":182,"date":"2019-11-27T09:46:07","date_gmt":"2019-11-27T12:46:07","guid":{"rendered":"http:\/\/www.iskf.com.br\/site\/?page_id=182"},"modified":"2019-11-27T09:53:06","modified_gmt":"2019-11-27T12:53:06","slug":"ginchin-funakoshi","status":"publish","type":"page","link":"http:\/\/www.iskf.com.br\/site\/ginchin-funakoshi\/","title":{"rendered":"Ginchin Funakoshi"},"content":{"rendered":"\n<div class=\"wp-block-image\"><figure class=\"alignleft size-large\"><img loading=\"lazy\" decoding=\"async\" width=\"259\" height=\"367\" src=\"http:\/\/www.iskf.com.br\/site\/wp-content\/uploads\/2019\/11\/GichinFunakoshi-2.gif\" alt=\"\" class=\"wp-image-186\"\/><\/figure><\/div>\n\n\n\n<p> <a rel=\"noreferrer noopener\" target=\"_blank\" href=\"http:\/\/pt.wikipedia.org\/wiki\/Gichin_Funakoshi\">Gishin Funakoshi<\/a>&nbsp;nasceu em 1869 em Shuri, distrito de Yamakawa-Cho,&nbsp;<a rel=\"noreferrer noopener\" target=\"_blank\" href=\"http:\/\/pt.wikipedia.org\/wiki\/Okinawa\">Okinawa<\/a>, filho \u00fanico prestou exame na Escola de Medicina de T\u00f3quio, no qual foi aprovado, mas devido \u00e0 uma nova lei que proibia aos homens o porte do CHON MAGE (s\u00edmbolo de virilidade e da maturidade) n\u00e3o p\u00f4de realizar seus estudos. E por esse motivo voltou-se para a pratica e estudo aprofundado do&nbsp;<a rel=\"noreferrer noopener\" target=\"_blank\" href=\"http:\/\/pt.wikipedia.org\/wiki\/Karat%C3%AA\">Karat\u00ea<\/a>, no qual se tornaria posteriormente seu representante m\u00e1ximo. <\/p>\n\n\n\n<p> Ele tinha uma personalidade marcante e alguns aspectos como natural benevol\u00eancia, distin\u00e7\u00e3o de maneiras e \u00edmpar gentileza e respeito a todos ,alem de uma energia forte, muita coragem, determina\u00e7\u00e3o e for\u00e7a mental altamente capacitada ,o tornaram uma figura que, para muitos era sin\u00f4nimo de algu\u00e9m &#8220;mais que humano&#8221; &#8211; um &#8220;tatsujin&#8221; (indiv\u00edduo fora do comum) ainda mais se contrastando suas virtudes com seu porte f\u00edsico pequeno (1,67m. para 67 Kg.),sendo admirado por seus contempor\u00e2neos. Na sua \u00e9poca a pr\u00e1tica das artes marciais era proibida no Jap\u00e3o, e ele treinava em segredo, onde era obrigado a repetir \u00e0 exaust\u00e3o o mesmo&nbsp;<a rel=\"noreferrer noopener\" target=\"_blank\" href=\"http:\/\/pt.wikipedia.org\/wiki\/Kata_(artes_marciais)\">KATA<\/a>,(como escrevera em suas mem\u00f3rias), sem que seus movimentos chegassem \u00e0 uma grande harmonia e precis\u00e3o era proibido de passar a um novo&nbsp;<a rel=\"noreferrer noopener\" target=\"_blank\" href=\"http:\/\/pt.wikipedia.org\/wiki\/Kata_(artes_marciais)\">Kata<\/a>, sem a permiss\u00e3o de seu mestre, o que lhe tornou um ex\u00edmio mestre. <\/p>\n\n\n\n<p> Em 1922, fora escolhido para representar a arte de&nbsp;<a rel=\"noreferrer noopener\" target=\"_blank\" href=\"http:\/\/pt.wikipedia.org\/wiki\/Okinawa\">Okinawa<\/a>&nbsp;em uma apresenta\u00e7\u00e3o em T\u00f3quio para demonstrando o&nbsp;<a rel=\"noreferrer noopener\" target=\"_blank\" href=\"http:\/\/pt.wikipedia.org\/wiki\/Karat%C3%AA\">Karat\u00ea<\/a>. Como j\u00e1 tinha mais de cinquenta anos, n\u00e3o correspondia, ao mito do &#8216;budika terr\u00edvel&#8221; que o Jap\u00e3o procurava fazer sobreviver, na \u00e9poca, e mesmo assim a sua apresenta\u00e7\u00e3o foi muito bem sucedida. Muitos aspectos da personalidade de Funakoshi passaram a ser conhecidos atrav\u00e9s de hist\u00f3rias daqueles que conviviam com ele, como por exemplo Genshin Hironishi, seu disc\u00edpulo que dizia que seu mestre se opunha \u00e0s gera\u00e7\u00f5es vindas ap\u00f3s a Segunda Guerra Mundial, pois continuava a seguir h\u00e1bitos de sua \u00e9poca, anterior \u00e1 Primeira Guerra Mundial. Dizia ele que Funakoshi se recusava a frequentar uma cozinha ou a pronunciar certas palavras japonesas modernas, existentes em sua \u00e9poca dizendo que sem elas passava muito bem.Uma outra peculiaridade interessante em seu comportamento, \u00e9 que a primeira coisa que ele fazia era sua toalete matinal que durava cerca de uma hora; durante a qual escovava seus cabelos com infinita paci\u00eancia, quando ent\u00e3o voltava-se em dire\u00e7\u00e3o ao Pal\u00e1cio Imperial e o saudava com respeito inclinando-se ,e ap\u00f3s fazia a mesma sauda\u00e7\u00e3o \u00e0&nbsp;<a rel=\"noreferrer noopener\" target=\"_blank\" href=\"http:\/\/pt.wikipedia.org\/wiki\/Okinawa\">Okinawa<\/a>. Depois desses rituais tomava o ch\u00e1 da manh\u00e3, e se reiterava de seus afazeres do dia. Sensei Funakoshi deixou-nos, muitos pensamentos, que espelham a filosofia do&nbsp;<a rel=\"noreferrer noopener\" target=\"_blank\" href=\"http:\/\/pt.wikipedia.org\/wiki\/Karat%C3%AA\">Karat\u00ea<\/a>&nbsp;e suas t\u00e9cnicas , bem como a sabedoria oriental. Al\u00e9m disso, deixou-nos dois importantes caminhos que levam \u00e0 uma vida harmoniosa, s\u00e3o eles o&nbsp;<a href=\"https:\/\/www.fenix.com.br\/sites_parceiros\/sol_nascente\/Wiki\/index.php\/Dojo_Kun\">Dojo Kun<\/a>&nbsp;e o&nbsp;<a href=\"https:\/\/www.fenix.com.br\/sites_parceiros\/sol_nascente\/Wiki\/index.php\/Vinte_Mandamentos\">Niju Kun<\/a>&nbsp;que s\u00e3o os lemas do&nbsp;<a rel=\"noreferrer noopener\" target=\"_blank\" href=\"http:\/\/pt.wikipedia.org\/wiki\/Karat%C3%AA\">Karat\u00ea<\/a>, os quais devem ser seguidos por todos os karatecas.<\/p>\n\n\n\n<p><\/p>\n\n\n\n<figure class=\"wp-block-embed-youtube wp-block-embed is-type-video is-provider-youtube wp-embed-aspect-4-3 wp-has-aspect-ratio\"><div class=\"wp-block-embed__wrapper\">\n<iframe loading=\"lazy\" title=\"Gichin Funakoshi Tekki Shodan\" width=\"500\" height=\"375\" src=\"https:\/\/www.youtube.com\/embed\/YNrslr9LWIw?feature=oembed\" frameborder=\"0\" allow=\"accelerometer; autoplay; clipboard-write; encrypted-media; gyroscope; picture-in-picture; web-share\" referrerpolicy=\"strict-origin-when-cross-origin\" allowfullscreen><\/iframe>\n<\/div><\/figure>\n\n\n\n<figure class=\"wp-block-embed-youtube wp-block-embed is-type-video is-provider-youtube wp-embed-aspect-4-3 wp-has-aspect-ratio\"><div class=\"wp-block-embed__wrapper\">\n<iframe loading=\"lazy\" title=\"heian shodan funakoshi\" width=\"500\" height=\"375\" src=\"https:\/\/www.youtube.com\/embed\/EUlC4URsnmg?feature=oembed\" frameborder=\"0\" allow=\"accelerometer; autoplay; clipboard-write; encrypted-media; gyroscope; picture-in-picture; web-share\" referrerpolicy=\"strict-origin-when-cross-origin\" allowfullscreen><\/iframe>\n<\/div><\/figure>\n\n\n\n<figure class=\"wp-block-embed-youtube wp-block-embed is-type-video is-provider-youtube wp-embed-aspect-4-3 wp-has-aspect-ratio\"><div class=\"wp-block-embed__wrapper\">\n<iframe loading=\"lazy\" title=\"Gichin FUNAKOSHI &amp; Isao Obata Ippon Kumite\" width=\"500\" height=\"375\" src=\"https:\/\/www.youtube.com\/embed\/Io5Nvnf3Hkk?feature=oembed\" frameborder=\"0\" allow=\"accelerometer; autoplay; clipboard-write; encrypted-media; gyroscope; picture-in-picture; web-share\" referrerpolicy=\"strict-origin-when-cross-origin\" allowfullscreen><\/iframe>\n<\/div><\/figure>\n","protected":false},"excerpt":{"rendered":"<div class=\"mh-excerpt\"><p>Gishin Funakoshi&nbsp;nasceu em 1869 em Shuri, distrito de Yamakawa-Cho,&nbsp;Okinawa, filho \u00fanico prestou exame na Escola de Medicina de T\u00f3quio, no qual foi aprovado, mas devido <a class=\"mh-excerpt-more\" href=\"http:\/\/www.iskf.com.br\/site\/ginchin-funakoshi\/\" title=\"Ginchin Funakoshi\">[&#8230;]<\/a><\/p>\n<\/div>","protected":false},"author":1,"featured_media":0,"parent":0,"menu_order":0,"comment_status":"closed","ping_status":"closed","template":"","meta":{"footnotes":""},"class_list":["post-182","page","type-page","status-publish","hentry"],"_links":{"self":[{"href":"http:\/\/www.iskf.com.br\/site\/wp-json\/wp\/v2\/pages\/182","targetHints":{"allow":["GET"]}}],"collection":[{"href":"http:\/\/www.iskf.com.br\/site\/wp-json\/wp\/v2\/pages"}],"about":[{"href":"http:\/\/www.iskf.com.br\/site\/wp-json\/wp\/v2\/types\/page"}],"author":[{"embeddable":true,"href":"http:\/\/www.iskf.com.br\/site\/wp-json\/wp\/v2\/users\/1"}],"replies":[{"embeddable":true,"href":"http:\/\/www.iskf.com.br\/site\/wp-json\/wp\/v2\/comments?post=182"}],"version-history":[{"count":4,"href":"http:\/\/www.iskf.com.br\/site\/wp-json\/wp\/v2\/pages\/182\/revisions"}],"predecessor-version":[{"id":189,"href":"http:\/\/www.iskf.com.br\/site\/wp-json\/wp\/v2\/pages\/182\/revisions\/189"}],"wp:attachment":[{"href":"http:\/\/www.iskf.com.br\/site\/wp-json\/wp\/v2\/media?parent=182"}],"curies":[{"name":"wp","href":"https:\/\/api.w.org\/{rel}","templated":true}]}}