{"id":190,"date":"2019-11-27T09:54:57","date_gmt":"2019-11-27T12:54:57","guid":{"rendered":"http:\/\/www.iskf.com.br\/site\/?page_id=190"},"modified":"2019-11-27T09:55:44","modified_gmt":"2019-11-27T12:55:44","slug":"juichi-sagara-1934-2001","status":"publish","type":"page","link":"http:\/\/www.iskf.com.br\/site\/juichi-sagara-1934-2001\/","title":{"rendered":"Juichi Sagara (1934 &#8211; 2001)"},"content":{"rendered":"\n<div class=\"wp-block-image\"><figure class=\"alignleft size-large\"><img loading=\"lazy\" decoding=\"async\" width=\"240\" height=\"308\" src=\"http:\/\/www.iskf.com.br\/site\/wp-content\/uploads\/2019\/11\/Juichi_Sagara.jpg\" alt=\"\" class=\"wp-image-191\" srcset=\"http:\/\/www.iskf.com.br\/site\/wp-content\/uploads\/2019\/11\/Juichi_Sagara.jpg 240w, http:\/\/www.iskf.com.br\/site\/wp-content\/uploads\/2019\/11\/Juichi_Sagara-234x300.jpg 234w\" sizes=\"auto, (max-width: 240px) 100vw, 240px\" \/><\/figure><\/div>\n\n\n\n<p>Nascido em T\u00f3kio, Jap\u00e3o, no ano de 1934, aos dezesseis dias de fevereiro, Mestre Sagara sempre teve uma vida dedicada ao&nbsp;<a rel=\"noreferrer noopener\" target=\"_blank\" href=\"http:\/\/pt.wikipedia.org\/wiki\/Karat%C3%AA\">Karat\u00ea<\/a>. Faixa preta 8\u00ba grau pela FMK e 3\u00ba grau pela NKK, sua trajet\u00f3ria dentro da modalidade foi cunhada atrav\u00e9s de bons atos e exemplos.<\/p>\n\n\n\n<p><br>Sensei Sagara formou-se bacharel em Economia pela Universidade de Takushoku, ocupando posi\u00e7\u00f5es honrosas nesta \u00e1rea. Sempre preocupado com a qualidade de vida e desenvolvimento humano, Sensei ocupou cargos importantes no Brasil e no mundo, realizando interc\u00e2mbios culturais, criando projetos de desenvolvimento para o Brasil com a coopera\u00e7\u00e3o m\u00fatua entre nosso pa\u00eds e pa\u00edses do oriente em diversas \u00e1reas como agricultura, economia, educa\u00e7\u00e3o, cultura, esporte e ecologia.<\/p>\n\n\n\n<p><br>Introdutor do&nbsp;<a rel=\"noreferrer noopener\" target=\"_blank\" href=\"http:\/\/pt.wikipedia.org\/wiki\/Karat%C3%AA\">Karat\u00ea<\/a>&nbsp;no Brasil, Mestre Sagara nunca hesitou em passar seu conhecimento, em diversas \u00e1reas, aos mais de 120 mil alunos que teve a oportunidade de ensinar. Hoje seu legado continua, atrav\u00e9s dos precursores do&nbsp;<a rel=\"noreferrer noopener\" target=\"_blank\" href=\"http:\/\/pt.wikipedia.org\/wiki\/Karat%C3%AA\">Karat\u00ea<\/a>&nbsp;tridimensional.<\/p>\n\n\n\n<p><br>Pouco antes de sua morte, Sensei dedicava-se totalmente, como organizador geral, ao sonho de constru\u00e7\u00e3o de uma cidade do esporte atrav\u00e9s de um interc\u00e2mbio cultural esportivo Brasil \/ Jap\u00e3o, que deveria ser um prot\u00f3tipo da paz.<\/p>\n\n\n\n<p><br>Autoridade m\u00e1xima do\u00a0<a rel=\"noreferrer noopener\" target=\"_blank\" href=\"http:\/\/pt.wikipedia.org\/wiki\/Karat%C3%AA\">Karat\u00ea<\/a>\u00a0Shotokan na Am\u00e9rica do Sul, teve uma passagem brilhante como administrador fundando as\u00a0<a rel=\"noreferrer noopener\" target=\"_blank\" href=\"http:\/\/www.fpk.com.br\/\">Federa\u00e7\u00f5es de karate de S\u00e3o Paulo<\/a>, Pernambuco, Distrito Federal, Paran\u00e1 e Rio Grande do Sul. Como presidente da\u00a0<a rel=\"noreferrer noopener\" target=\"_blank\" href=\"http:\/\/www.fpk.com.br\/\">FPK<\/a>, reestruturou e empenhou-se em tratar a modalidade n\u00e3o s\u00f3 como esporte, mas como filosofia, resgatando o\u00a0<a rel=\"noreferrer noopener\" target=\"_blank\" href=\"http:\/\/pt.wikipedia.org\/wiki\/Bud%C3%B4\">Bud\u00f4<\/a>. Ao falecer ocupava o cargo de presidente de honra da federa\u00e7\u00e3o.<\/p>\n\n\n\n<figure class=\"wp-block-embed-youtube wp-block-embed is-type-video is-provider-youtube wp-embed-aspect-4-3 wp-has-aspect-ratio\"><div class=\"wp-block-embed__wrapper\">\n<iframe loading=\"lazy\" title=\"Grandes Mestres de Karate no Brasil - Juichi Sagara \/ Edson Nakama\" width=\"500\" height=\"375\" src=\"https:\/\/www.youtube.com\/embed\/ktJ3S9n_mTI?feature=oembed\" frameborder=\"0\" allow=\"accelerometer; autoplay; clipboard-write; encrypted-media; gyroscope; picture-in-picture; web-share\" referrerpolicy=\"strict-origin-when-cross-origin\" allowfullscreen><\/iframe>\n<\/div><\/figure>\n","protected":false},"excerpt":{"rendered":"<div class=\"mh-excerpt\"><p>Nascido em T\u00f3kio, Jap\u00e3o, no ano de 1934, aos dezesseis dias de fevereiro, Mestre Sagara sempre teve uma vida dedicada ao&nbsp;Karat\u00ea. Faixa preta 8\u00ba grau <a class=\"mh-excerpt-more\" href=\"http:\/\/www.iskf.com.br\/site\/juichi-sagara-1934-2001\/\" title=\"Juichi Sagara (1934 &#8211; 2001)\">[&#8230;]<\/a><\/p>\n<\/div>","protected":false},"author":1,"featured_media":0,"parent":0,"menu_order":0,"comment_status":"closed","ping_status":"closed","template":"","meta":{"footnotes":""},"class_list":["post-190","page","type-page","status-publish","hentry"],"_links":{"self":[{"href":"http:\/\/www.iskf.com.br\/site\/wp-json\/wp\/v2\/pages\/190","targetHints":{"allow":["GET"]}}],"collection":[{"href":"http:\/\/www.iskf.com.br\/site\/wp-json\/wp\/v2\/pages"}],"about":[{"href":"http:\/\/www.iskf.com.br\/site\/wp-json\/wp\/v2\/types\/page"}],"author":[{"embeddable":true,"href":"http:\/\/www.iskf.com.br\/site\/wp-json\/wp\/v2\/users\/1"}],"replies":[{"embeddable":true,"href":"http:\/\/www.iskf.com.br\/site\/wp-json\/wp\/v2\/comments?post=190"}],"version-history":[{"count":2,"href":"http:\/\/www.iskf.com.br\/site\/wp-json\/wp\/v2\/pages\/190\/revisions"}],"predecessor-version":[{"id":193,"href":"http:\/\/www.iskf.com.br\/site\/wp-json\/wp\/v2\/pages\/190\/revisions\/193"}],"wp:attachment":[{"href":"http:\/\/www.iskf.com.br\/site\/wp-json\/wp\/v2\/media?parent=190"}],"curies":[{"name":"wp","href":"https:\/\/api.w.org\/{rel}","templated":true}]}}