{"id":80,"date":"2019-11-14T10:50:09","date_gmt":"2019-11-14T13:50:09","guid":{"rendered":"http:\/\/www.iskf.com.br\/site\/?page_id=80"},"modified":"2019-11-14T10:50:09","modified_gmt":"2019-11-14T13:50:09","slug":"formulario-filiacao-dojo","status":"publish","type":"page","link":"http:\/\/www.iskf.com.br\/site\/formulario-filiacao-dojo\/","title":{"rendered":"Formul\u00e1rio Filia\u00e7\u00e3o Dojo"},"content":{"rendered":"","protected":false},"excerpt":{"rendered":"<div class=\"mh-excerpt\"><\/div>","protected":false},"author":1,"featured_media":0,"parent":0,"menu_order":0,"comment_status":"closed","ping_status":"closed","template":"","meta":{"footnotes":""},"class_list":["post-80","page","type-page","status-publish","hentry"],"_links":{"self":[{"href":"http:\/\/www.iskf.com.br\/site\/wp-json\/wp\/v2\/pages\/80","targetHints":{"allow":["GET"]}}],"collection":[{"href":"http:\/\/www.iskf.com.br\/site\/wp-json\/wp\/v2\/pages"}],"about":[{"href":"http:\/\/www.iskf.com.br\/site\/wp-json\/wp\/v2\/types\/page"}],"author":[{"embeddable":true,"href":"http:\/\/www.iskf.com.br\/site\/wp-json\/wp\/v2\/users\/1"}],"replies":[{"embeddable":true,"href":"http:\/\/www.iskf.com.br\/site\/wp-json\/wp\/v2\/comments?post=80"}],"version-history":[{"count":2,"href":"http:\/\/www.iskf.com.br\/site\/wp-json\/wp\/v2\/pages\/80\/revisions"}],"predecessor-version":[{"id":83,"href":"http:\/\/www.iskf.com.br\/site\/wp-json\/wp\/v2\/pages\/80\/revisions\/83"}],"wp:attachment":[{"href":"http:\/\/www.iskf.com.br\/site\/wp-json\/wp\/v2\/media?parent=80"}],"curies":[{"name":"wp","href":"https:\/\/api.w.org\/{rel}","templated":true}]}}